{"id":23,"date":"2015-08-17T15:05:14","date_gmt":"2015-08-17T14:05:14","guid":{"rendered":"http:\/\/srif.cz\/?page_id=23"},"modified":"2022-04-05T16:22:46","modified_gmt":"2022-04-05T15:22:46","slug":"kontakt","status":"publish","type":"page","link":"https:\/\/srif.cz\/?page_id=23","title":{"rendered":"Kontakt"},"content":{"rendered":"<blockquote>\n<p style=\"text-align: left;\"><strong><span style=\"font-size: revert; color: initial;\">SRIF, s.r.o.<\/span><\/strong><\/p>\n<\/blockquote>\n<p>U Vozovny 525\/2A,<br \/>\nPraha 10, Male\u0161ice<br \/>\n108 00<\/p>\n<p><a href=\"mailto:info@srif.cz\">info@srif.cz<\/a><\/p>\n<table class=\"result-details\" style=\"height: 50px; width: 663px;\">\n<tbody>\n<tr style=\"height: 50px;\">\n<th class=\"nowrap\" style=\"width: 136px; height: 50px;\"><strong>Spisov\u00e1 zna\u010dka:<\/strong><\/th>\n<td class=\"left\" style=\"width: 527px; height: 50px;\">C 208549 veden\u00e1 u M\u011bstsk\u00e9ho soudu v Praze<\/td>\n<\/tr>\n<\/tbody>\n<\/table>\n<p><\/p>\n","protected":false},"excerpt":{"rendered":"<p>SRIF, s.r.o. U Vozovny 525\/2A, Praha 10, Male\u0161ice 108 00 info@srif.cz Spisov\u00e1 zna\u010dka: C 208549 veden\u00e1 u M\u011bstsk\u00e9ho soudu v Praze<\/p>\n","protected":false},"author":1,"featured_media":0,"parent":0,"menu_order":0,"comment_status":"closed","ping_status":"closed","template":"","meta":[],"_links":{"self":[{"href":"https:\/\/srif.cz\/index.php?rest_route=\/wp\/v2\/pages\/23"}],"collection":[{"href":"https:\/\/srif.cz\/index.php?rest_route=\/wp\/v2\/pages"}],"about":[{"href":"https:\/\/srif.cz\/index.php?rest_route=\/wp\/v2\/types\/page"}],"author":[{"embeddable":true,"href":"https:\/\/srif.cz\/index.php?rest_route=\/wp\/v2\/users\/1"}],"replies":[{"embeddable":true,"href":"https:\/\/srif.cz\/index.php?rest_route=%2Fwp%2Fv2%2Fcomments&post=23"}],"version-history":[{"count":10,"href":"https:\/\/srif.cz\/index.php?rest_route=\/wp\/v2\/pages\/23\/revisions"}],"predecessor-version":[{"id":156,"href":"https:\/\/srif.cz\/index.php?rest_route=\/wp\/v2\/pages\/23\/revisions\/156"}],"wp:attachment":[{"href":"https:\/\/srif.cz\/index.php?rest_route=%2Fwp%2Fv2%2Fmedia&parent=23"}],"curies":[{"name":"wp","href":"https:\/\/api.w.org\/{rel}","templated":true}]}}